{"id":1617,"date":"2025-08-09T06:53:03","date_gmt":"2025-08-09T05:53:03","guid":{"rendered":"https:\/\/lionfarming.com\/cookie-richtlinie-eu\/"},"modified":"2025-09-09T07:25:09","modified_gmt":"2025-09-09T06:25:09","slug":"privacy-policy","status":"publish","type":"page","link":"https:\/\/lionfarming.com\/de\/privacy-policy\/","title":{"rendered":"Privacy-Policy"},"content":{"rendered":"<div class=\"et_pb_with_border et_d4_element et_pb_section et_pb_section_0  et_pb_css_mix_blend_mode et_section_regular et_block_section\" >\n\t\t\t\t\n\t\t\t\t\n\t\t\t\t\n\t\t\t\t\n\t\t\t\t\n\t\t\t\t\n\t\t\t\t<div class=\"et_d4_element et_pb_row et_pb_row_0  et_pb_css_mix_blend_mode et_block_row\">\n\t\t\t\t<div class=\"et_d4_element et_pb_column_4_4 et_pb_column et_pb_column_0  et_pb_css_mix_blend_mode et-last-child et_block_column\">\n\t\t\t\t\n\t\t\t\t\n\t\t\t\t\n\t\t\t\t\n\t\t\t\t<div class=\"et_pb_module et_d4_element et_pb_text et_pb_text_0  et_pb_text_align_left et_pb_bg_layout_light\">\n\t\t\t\t\n\t\t\t\t\n\t\t\t\t\n\t\t\t\t\n\t\t\t\t<div class=\"et_pb_text_inner\"><h1 class=\"et_pb_module_heading et-fb-editable-element et-fb-editable-element et-fb-editable-element__editing\" data-shortcode-id=\"1.0.0.0-1757054258623\" data-quickaccess-id=\"title\" contenteditable=\"true\"><span style=\"font-family: Anton;\">Datenschutzerkl\u00e4rung<\/span><\/h1>\n<p data-start=\"248\" data-end=\"346\"><span style=\"font-family: inherit;\"><strong data-start=\"248\" data-end=\"269\"><\/strong><\/span><\/p>\n<p><strong data-start=\"248\" data-end=\"269\"> <\/strong><\/p>\n<p class=\"translation-block\"><strong data-start=\"248\" data-end=\"269\">Lion Farming e.V.<\/strong><br data-start=\"269\" data-end=\"272\">Teutonenstra\u00dfe 20, 90402 N\u00fcrnberg, Deutschland<br data-start=\"314\" data-end=\"317\">E-Mail: <a data-start=\"324\" data-end=\"344\" class=\"cursor-pointer\" rel=\"noopener\" target=\"_self\">info@lionfarming.com<\/a><\/p>\n<hr data-start=\"348\" data-end=\"351\" \/>\n<h3 data-start=\"353\" data-end=\"385\"><span style=\"color: #000000;\"><strong data-start=\"357\" data-end=\"383\">1. Allgemeine Informationen<\/strong><\/span><\/h3>\n<p data-start=\"386\" data-end=\"591\">Wir nehmen den Schutz Ihrer pers\u00f6nlichen Daten sehr ernst. Diese Datenschutzerkl\u00e4rung erkl\u00e4rt, wie wir Ihre Daten erheben, verarbeiten und verwenden, wenn Sie unsere Website besuchen, unseren Newsletter abonnieren oder eine Spende t\u00e4tigen.<\/p>\n<p data-start=\"593\" data-end=\"711\">Wir verarbeiten personenbezogene Daten in \u00dcbereinstimmung mit der Datenschutz-Grundverordnung (DSGVO) und anderen anwendbaren Gesetzen.<\/p>\n<hr data-start=\"713\" data-end=\"716\" \/>\n<h3 data-start=\"718\" data-end=\"746\"><span style=\"color: #000000;\"><strong data-start=\"722\" data-end=\"744\">2. Verantwortlicher<\/strong><\/span><\/h3>\n<p data-start=\"747\" data-end=\"847\" class=\"translation-block\"><strong data-start=\"747\" data-end=\"768\">Lion Farming e.V.<\/strong><br data-start=\"768\" data-end=\"771\">Teutonenstra\u00dfe 20<br data-start=\"788\" data-end=\"791\">90402 N\u00fcrnberg<br data-start=\"805\" data-end=\"808\">Deutschland<br data-start=\"815\" data-end=\"818\">E-Mail: <a data-start=\"825\" data-end=\"845\" class=\"cursor-pointer\" rel=\"noopener\" target=\"_self\">info@lionfarming.com<\/a><\/p>\n<hr data-start=\"849\" data-end=\"852\" \/>\n<h3 data-start=\"854\" data-end=\"893\"><span style=\"color: #000000;\"><strong data-start=\"858\" data-end=\"891\">3. Rechtsgrundlage der Verarbeitung<\/strong><\/span><\/h3>\n<p data-start=\"894\" data-end=\"930\">Wir verarbeiten personenbezogene Daten auf Grundlage von:<\/p>\n<ul data-start=\"931\" data-end=\"1301\">\n<li data-start=\"931\" data-end=\"1022\">\n<p data-start=\"933\" data-end=\"1022\" class=\"translation-block\"><strong data-start=\"933\" data-end=\"949\">Ihre Einwilligung<\/strong> (Art. 6 Abs. 1 lit. a DSGVO) \u2013 z. B. Newsletter-Abonnement, Marketing-Cookies<\/p>\n<\/li>\n<li data-start=\"1023\" data-end=\"1100\">\n<p data-start=\"1025\" data-end=\"1100\" class=\"translation-block\"><strong data-start=\"1025\" data-end=\"1049\">Vertragserf\u00fcllung<\/strong> (Art. 6 Abs. 1 lit. b DSGVO) \u2013 z. B. Verarbeitung von Spenden<\/p>\n<\/li>\n<li data-start=\"1101\" data-end=\"1209\">\n<p data-start=\"1103\" data-end=\"1209\" class=\"translation-block\"><strong data-start=\"1103\" data-end=\"1130\">Unser berechtigtes Interesse<\/strong> (Art. 6 Abs. 1 lit. f DSGVO) \u2013 z. B. Aufrechterhaltung der Website-Sicherheit, Verbesserung unserer Dienste<\/p>\n<\/li>\n<li data-start=\"1210\" data-end=\"1301\">\n<p data-start=\"1212\" data-end=\"1301\" class=\"translation-block\"><strong data-start=\"1212\" data-end=\"1233\">Rechtliche Verpflichtungen<\/strong> (Art. 6 Abs. 1 lit. c DSGVO) \u2013 z. B. gesetzliche Aufbewahrungspflichten<\/p>\n<\/li>\n<\/ul>\n<hr data-start=\"1303\" data-end=\"1306\" \/>\n<h3 data-start=\"1308\" data-end=\"1351\"><span style=\"color: #000000;\"><strong data-start=\"1312\" data-end=\"1349\"><strong>4. Datenerhebung auf unserer Website<\/strong><\/strong><\/span><\/h3>\n<h4 data-start=\"1353\" data-end=\"1390\">a) Hosting &amp; Website-Betrieb<\/h4>\n<p data-start=\"1391\" data-end=\"1627\">Unsere Website wird mit WordPress und dem Divi Builder gehostet. Technische Daten (wie IP-Adresse, Browsertyp, Zeitpunkt des Zugriffs) werden automatisch von unserem Hosting-Anbieter erfasst, um die Funktionalit\u00e4t und Sicherheit unserer Website zu gew\u00e4hrleisten.<\/p>\n<h4 data-start=\"1629\" data-end=\"1646\">b) Cookies<\/h4>\n<p data-start=\"1647\" data-end=\"1848\">Wir verwenden Cookies, um die ordnungsgem\u00e4\u00dfe Funktion unserer Website sicherzustellen, den Website-Traffic zu analysieren und personalisierte Inhalte bereitzustellen. Sie k\u00f6nnen Ihre Cookie-Einstellungen jederzeit \u00fcber unser Cookie-Banner verwalten oder widerrufen.<\/p>\n<h4 data-start=\"1850\" data-end=\"1867\">c) Jetpack<\/h4>\n<p data-start=\"1868\" data-end=\"2122\" class=\"translation-block\">Wir verwenden Jetpack von Automattic zu Sicherheits-, Leistungs- und Analysezwecken. Dies kann IP-Adressen, Browser-Informationen und andere technische Daten umfassen.<br data-start=\"2025\" data-end=\"2028\">Datenschutzerkl\u00e4rung: <a data-start=\"2044\" data-end=\"2120\" rel=\"noopener\" target=\"_new\" class=\"cursor-pointer\">https:\/\/jetpack.com\/support\/privacy\/<\/a><\/p>\n<hr data-start=\"2124\" data-end=\"2127\" \/>\n<h3 data-start=\"2129\" data-end=\"2165\"><strong data-start=\"2133\" data-end=\"2163\">5. Newsletter (MailerLite)<\/strong><\/h3>\n<p data-start=\"2166\" data-end=\"2269\" class=\"translation-block\">Wenn Sie sich f\u00fcr unseren Newsletter anmelden, nutzen wir die Dienste von <strong data-start=\"2224\" data-end=\"2238\">MailerLite<\/strong>, um Ihnen regelm\u00e4\u00dfig Updates zuzusenden.<\/p>\n<ul data-start=\"2271\" data-end=\"2504\">\n<li data-start=\"2271\" data-end=\"2325\">\n<p data-start=\"2273\" data-end=\"2325\" class=\"translation-block\"><strong data-start=\"2273\" data-end=\"2292\">Erhobene Daten:<\/strong> E-Mail-Adresse, Name (optional)<\/p>\n<\/li>\n<li data-start=\"2326\" data-end=\"2386\">\n<p data-start=\"2328\" data-end=\"2386\" class=\"translation-block\"><strong data-start=\"2328\" data-end=\"2340\">Zweck:<\/strong> Versand von Newslettern, Updates und Kampagnen<\/p>\n<\/li>\n<li data-start=\"2387\" data-end=\"2440\">\n<p data-start=\"2389\" data-end=\"2440\" class=\"translation-block\"><strong data-start=\"2389\" data-end=\"2405\">Rechtsgrundlage:<\/strong> Ihre Einwilligung (Art. 6 Abs. 1 lit. a DSGVO)<\/p>\n<\/li>\n<li data-start=\"2441\" data-end=\"2504\">\n<p data-start=\"2443\" data-end=\"2504\">Sie k\u00f6nnen sich jederzeit \u00fcber den Link in jeder E-Mail abmelden.<\/p>\n<\/li>\n<\/ul>\n<p data-start=\"2506\" data-end=\"2622\" class=\"translation-block\">Datenschutzerkl\u00e4rung: <a data-start=\"2522\" data-end=\"2620\" rel=\"noopener\" target=\"_new\" class=\"\" href=\"https:\/\/www.mailerlite.com\/legal\/privacy-policy\">https:\/\/www.mailerlite.com\/legal\/privacy-policy<\/a><\/p>\n<hr data-start=\"2624\" data-end=\"2627\" \/>\n<h3 data-start=\"2629\" data-end=\"2678\"><span style=\"color: #000000;\"><strong data-start=\"2633\" data-end=\"2676\">6. Spenden (Stripe, PayPal, Donorbox)<\/strong><\/span><\/h3>\n<p data-start=\"2679\" data-end=\"2780\" class=\"translation-block\">Wir verarbeiten Spenden \u00fcber <strong data-start=\"2704\" data-end=\"2716\">Donorbox<\/strong>, das Zahlungsdienste wie Stripe und PayPal integriert.<\/p>\n<ul data-start=\"2782\" data-end=\"3138\">\n<li data-start=\"2782\" data-end=\"2874\">\n<p data-start=\"2784\" data-end=\"2874\" class=\"translation-block\"><strong data-start=\"2784\" data-end=\"2803\">Erhobene Daten:<\/strong> Name, E-Mail, Adresse (falls angegeben), Spendenbetrag, Zahlungsdetails<\/p>\n<\/li>\n<li data-start=\"2875\" data-end=\"2937\">\n<p data-start=\"2877\" data-end=\"2937\" class=\"translation-block\"><strong data-start=\"2877\" data-end=\"2889\">Zweck:<\/strong> Verarbeitung Ihrer Spende und Ausstellung von Spendenquittungen<\/p>\n<\/li>\n<li data-start=\"2938\" data-end=\"3041\">\n<p data-start=\"2940\" data-end=\"3041\" class=\"translation-block\"><strong data-start=\"2940\" data-end=\"2956\">Rechtsgrundlage:<\/strong> Vertragserf\u00fcllung (Art. 6 Abs. 1 lit. b DSGVO) und rechtliche Verpflichtungen (Art. 6 Abs. 1 lit. c DSGVO)<\/p>\n<\/li>\n<li data-start=\"3042\" data-end=\"3138\">\n<p data-start=\"3044\" data-end=\"3138\">Zahlungsdaten werden direkt vom Zahlungsanbieter verarbeitet und nicht auf unseren Servern gespeichert.<\/p>\n<\/li>\n<\/ul>\n<p data-start=\"3140\" data-end=\"3159\">Datenschutzerkl\u00e4rungen:<\/p>\n<ul data-start=\"3160\" data-end=\"3420\">\n<li data-start=\"3160\" data-end=\"3234\">\n<p data-start=\"3162\" data-end=\"3234\">Donorbox: <a data-start=\"3172\" data-end=\"3232\" rel=\"noopener\" target=\"_new\" class=\"\" href=\"https:\/\/donorbox.org\/privacy\">https:\/\/donorbox.org\/privacy<\/a><\/p>\n<\/li>\n<li data-start=\"3235\" data-end=\"3303\">\n<p data-start=\"3237\" data-end=\"3303\">Stripe: <a data-start=\"3245\" data-end=\"3301\" rel=\"noopener\" target=\"_new\" class=\"\" href=\"https:\/\/stripe.com\/privacy\">https:\/\/stripe.com\/privacy<\/a><\/p>\n<\/li>\n<li data-start=\"3304\" data-end=\"3420\">\n<p data-start=\"3306\" data-end=\"3420\">PayPal: <a data-start=\"3314\" data-end=\"3418\" rel=\"noopener\" target=\"_new\" class=\"\" href=\"https:\/\/www.paypal.com\/webapps\/mpp\/ua\/privacy-full\">https:\/\/www.paypal.com\/webapps\/mpp\/ua\/privacy-full<\/a><\/p>\n<\/li>\n<\/ul>\n<hr data-start=\"3422\" data-end=\"3425\" \/>\n<h3 data-start=\"3427\" data-end=\"3471\"><span style=\"color: #000000;\"><strong data-start=\"3431\" data-end=\"3469\">7. Weitergabe von Daten an Dritte<\/strong><\/span><\/h3>\n<p data-start=\"3472\" data-end=\"3630\">Wir geben personenbezogene Daten nur an Dritte weiter, wenn dies zur Erf\u00fcllung unserer Leistungen erforderlich ist, gesetzlich vorgeschrieben oder auf Ihrer ausdr\u00fccklichen Einwilligung basiert.<\/p>\n<hr data-start=\"3632\" data-end=\"3635\" \/>\n<h3 data-start=\"3637\" data-end=\"3664\"><span style=\"color: #000000;\"><strong data-start=\"3641\" data-end=\"3662\">8. Speicherdauer<\/strong><\/span><\/h3>\n<p data-start=\"3665\" data-end=\"3899\">Wir speichern personenbezogene Daten nur so lange, wie es f\u00fcr die in dieser Datenschutzerkl\u00e4rung genannten Zwecke erforderlich ist oder gesetzlich vorgeschrieben wird. Sobald der Zweck entf\u00e4llt oder gesetzliche Aufbewahrungsfristen ablaufen, werden die Daten gel\u00f6scht oder anonymisiert.<\/p>\n<hr data-start=\"3901\" data-end=\"3904\" \/>\n<h3 data-start=\"3906\" data-end=\"3937\"><span style=\"color: #000000;\"><strong data-start=\"3910\" data-end=\"3935\">9. Social-Media-Links<\/strong><\/span><\/h3>\n<p data-start=\"3938\" data-end=\"4119\">Unsere Website enth\u00e4lt Links zu unseren Profilen auf Instagram und X (Twitter). Durch Anklicken dieser Links werden Sie zu den jeweiligen Plattformen weitergeleitet, die ihre eigenen Datenschutzrichtlinien haben.<\/p>\n<hr data-start=\"4121\" data-end=\"4124\" \/>\n<h3 data-start=\"4126\" data-end=\"4171\"><span style=\"color: #000000;\"><strong data-start=\"4130\" data-end=\"4169\">10. Einwilligungsverwaltung &amp; Widerruf<\/strong><\/span><\/h3>\n<p data-start=\"4172\" data-end=\"4414\">Ihre Einwilligung wird zu Dokumentationszwecken gem\u00e4\u00df den Anforderungen der DSGVO erfasst und gespeichert. Sie k\u00f6nnen Ihre Einwilligung jederzeit mit Wirkung f\u00fcr die Zukunft widerrufen, indem Sie uns kontaktieren oder die bereitgestellten Abmelde- bzw. Opt-out-Optionen nutzen.<\/p>\n<hr data-start=\"4416\" data-end=\"4419\" \/>\n<h3 data-start=\"4421\" data-end=\"4468\"><span style=\"color: #000000;\"><strong data-start=\"4425\" data-end=\"4466\">11. Ihre Rechte (Betroffenenrechte)<\/strong><\/span><\/h3>\n<p data-start=\"4469\" data-end=\"4493\">Sie haben das Recht auf:<\/p>\n<ul data-start=\"4494\" data-end=\"4801\">\n<li data-start=\"4494\" data-end=\"4549\">\n<p data-start=\"4496\" data-end=\"4549\">Auskunft \u00fcber Ihre personenbezogenen Daten verlangen (Art. 15 DSGVO)<\/p>\n<\/li>\n<li data-start=\"4550\" data-end=\"4606\">\n<p data-start=\"4552\" data-end=\"4606\">Berichtigung unrichtiger Daten verlangen (Art. 16 DSGVO)<\/p>\n<\/li>\n<li data-start=\"4607\" data-end=\"4655\">\n<p data-start=\"4609\" data-end=\"4655\">L\u00f6schung Ihrer Daten verlangen (Art. 17 DSGVO)<\/p>\n<\/li>\n<li data-start=\"4656\" data-end=\"4708\">\n<p data-start=\"4658\" data-end=\"4708\">Einschr\u00e4nkung der Verarbeitung verlangen (Art. 18 DSGVO)<\/p>\n<\/li>\n<li data-start=\"4709\" data-end=\"4765\">\n<p data-start=\"4711\" data-end=\"4765\">Der Verarbeitung Ihrer Daten widersprechen (Art. 21 DSGVO)<\/p>\n<\/li>\n<li data-start=\"4766\" data-end=\"4801\">\n<p data-start=\"4768\" data-end=\"4801\">Daten\u00fcbertragbarkeit (Art. 20 DSGVO)<\/p>\n<\/li>\n<\/ul>\n<p data-start=\"4803\" data-end=\"4869\" class=\"translation-block\">Um Ihre Rechte auszu\u00fcben, kontaktieren Sie uns unter <strong data-start=\"4842\" data-end=\"4866\"><a data-start=\"4844\" data-end=\"4864\" class=\"cursor-pointer\" rel=\"noopener\" target=\"_self\">info@lionfarming.com<\/a><\/strong>.<\/p>\n<hr data-start=\"4871\" data-end=\"4874\" \/>\n<h3 data-start=\"4876\" data-end=\"4911\"><span style=\"color: #000000;\"><strong data-start=\"4880\" data-end=\"4909\"><strong>12. Aufsichtsbeh\u00f6rde<\/strong><\/strong><\/span><\/h3>\n<p data-start=\"4912\" data-end=\"5137\" class=\"translation-block\">Die zust\u00e4ndige Aufsichtsbeh\u00f6rde f\u00fcr den Datenschutz ist:<br data-start=\"4971\" data-end=\"4974\">Bayerisches Landesamt f\u00fcr Datenschutzaufsicht (BayLDA)<br data-start=\"5028\" data-end=\"5031\">Promenade 18, 91522 Ansbach, Deutschland<br data-start=\"5067\" data-end=\"5070\">Website: <a data-start=\"5079\" data-end=\"5135\" rel=\"noopener\" target=\"_new\" class=\"cursor-pointer\">https:\/\/www.lda.bayern.de\/<\/a><\/p>\n<hr data-start=\"5139\" data-end=\"5142\" \/>\n<h3 data-start=\"5144\" data-end=\"5188\"><strong data-start=\"5148\" data-end=\"5186\"><strong>13. \u00c4nderungen dieser Datenschutzerkl\u00e4rung<\/strong><\/strong><\/h3>\n<p data-start=\"5189\" data-end=\"5303\">Wir k\u00f6nnen diese Datenschutzerkl\u00e4rung von Zeit zu Zeit aktualisieren. Die jeweils aktuelle Version ist stets auf unserer Website verf\u00fcgbar.<\/p>\n<p data-start=\"5305\" data-end=\"5339\" class=\"translation-block\"><strong data-start=\"5305\" data-end=\"5322\">Zuletzt aktualisiert:<\/strong> 09. August 2025<\/p><\/div>\n\t\t\t<\/div>\n\t\t\t<\/div>\n\t\t\t\t\n\t\t\t\t\n\t\t\t\t\n\t\t\t\t\n\t\t\t<\/div>\n\t\t\t\t\n\t\t\t\t\n\t\t\t<\/div>","protected":false},"excerpt":{"rendered":"","protected":false},"author":2,"featured_media":0,"parent":0,"menu_order":0,"comment_status":"closed","ping_status":"closed","template":"","meta":{"_et_pb_use_builder":"on","_et_pb_old_content":"<!-- wp:complianz\/document {\"title\":\"Cookie-Richtlinie (EU)\",\"selectedDocument\":\"cookie-statement\"} \/-->","_et_gb_content_width":"","footnotes":""},"class_list":["post-1617","page","type-page","status-publish","hentry"],"jetpack_sharing_enabled":true,"_links":{"self":[{"href":"https:\/\/lionfarming.com\/de\/wp-json\/wp\/v2\/pages\/1617","targetHints":{"allow":["GET"]}}],"collection":[{"href":"https:\/\/lionfarming.com\/de\/wp-json\/wp\/v2\/pages"}],"about":[{"href":"https:\/\/lionfarming.com\/de\/wp-json\/wp\/v2\/types\/page"}],"author":[{"embeddable":true,"href":"https:\/\/lionfarming.com\/de\/wp-json\/wp\/v2\/users\/2"}],"replies":[{"embeddable":true,"href":"https:\/\/lionfarming.com\/de\/wp-json\/wp\/v2\/comments?post=1617"}],"version-history":[{"count":6,"href":"https:\/\/lionfarming.com\/de\/wp-json\/wp\/v2\/pages\/1617\/revisions"}],"predecessor-version":[{"id":2136,"href":"https:\/\/lionfarming.com\/de\/wp-json\/wp\/v2\/pages\/1617\/revisions\/2136"}],"wp:attachment":[{"href":"https:\/\/lionfarming.com\/de\/wp-json\/wp\/v2\/media?parent=1617"}],"curies":[{"name":"wp","href":"https:\/\/api.w.org\/{rel}","templated":true}]}}