{"id":2091,"date":"2025-09-04T09:44:32","date_gmt":"2025-09-04T08:44:32","guid":{"rendered":"https:\/\/lionfarming.com\/?page_id=2091"},"modified":"2026-02-24T20:42:36","modified_gmt":"2026-02-24T19:42:36","slug":"impressum","status":"publish","type":"page","link":"https:\/\/lionfarming.com\/de\/impressum\/","title":{"rendered":"Imp"},"content":{"rendered":"<div class=\"et_pb_with_border et_d4_element et_pb_section et_pb_section_0  et_pb_css_mix_blend_mode et_section_regular et_block_section\" >\n\t\t\t\t\n\t\t\t\t\n\t\t\t\t\n\t\t\t\t\n\t\t\t\t\n\t\t\t\t\n\t\t\t\t<div class=\"et_d4_element et_pb_row et_pb_row_0  et_pb_css_mix_blend_mode et_block_row\">\n\t\t\t\t<div class=\"et_d4_element et_pb_column_4_4 et_pb_column et_pb_column_0  et_pb_css_mix_blend_mode et-last-child et_block_column\">\n\t\t\t\t\n\t\t\t\t\n\t\t\t\t\n\t\t\t\t\n\t\t\t\t<div class=\"et_pb_module et_d4_element et_pb_text et_pb_text_0  et_pb_text_align_left et_pb_bg_layout_light\">\n\t\t\t\t\n\t\t\t\t\n\t\t\t\t\n\t\t\t\t\n\t\t\t\t<div class=\"et_pb_text_inner\"><h1 data-start=\"74\" data-end=\"90\"><span style=\"font-family: Anton; color: #000000;\">Impressum<\/span><\/h1>\n<p>&nbsp;<\/p>\n<p data-start=\"92\" data-end=\"144\"><strong data-start=\"92\" data-end=\"113\">Lion Farming e.V.<\/strong><br data-start=\"113\" data-end=\"116\" \/>Gemeinsam Zukunft pflanzen<\/p>\n<p data-start=\"146\" data-end=\"234\" class=\"translation-block\"><strong>Vereinsregister<\/strong>: VR 203179<br>\n<strong>Registergericht<\/strong>: Amtsgericht N\u00fcrnberg<\/p>\n<p data-start=\"236\" data-end=\"317\" class=\"translation-block\"><strong data-start=\"236\" data-end=\"247\">Anschrift<\/strong><br data-start=\"247\" data-end=\"250\">Lion Farming e.V.<br data-start=\"267\" data-end=\"270\">Teutonenstra\u00dfe 20<br data-start=\"287\" data-end=\"290\">90402 N\u00fcrnberg<br data-start=\"305\" data-end=\"308\">Deutschland<\/p>\n<p data-start=\"319\" data-end=\"433\" class=\"translation-block\"><strong data-start=\"319\" data-end=\"347\">Vertreten durch den Vorstand<\/strong><br data-start=\"347\" data-end=\"350\">Vorsitzender: Jonas K\u00fchnel<br data-start=\"372\" data-end=\"375\">Zweiter Vorsitzender: Louis Klages<br data-start=\"402\" data-end=\"405\">Kassenwart: Wilfried Klages<\/p>\n<p data-start=\"435\" data-end=\"536\"><strong data-start=\"435\" data-end=\"446\">Kontakt<\/strong><br data-start=\"472\" data-end=\"475\" \/>E-Mail: <a data-start=\"483\" data-end=\"503\" class=\"decorated-link cursor-pointer\" rel=\"noopener\">info@lionfarming.com<span aria-hidden=\"true\" class=\"ms-0.5 inline-block align-middle leading-none\"><svg width=\"20\" height=\"20\" viewbox=\"0 0 20 20\" fill=\"currentColor\" xmlns=\"http:\/\/www.w3.org\/2000\/svg\" data-rtl-flip=\"\" class=\"block h-&#091;0.75em&#093; w-&#091;0.75em&#093; stroke-current stroke-&#091;0.75&#093;\"><path d=\"M14.3349 13.3301V6.60645L5.47065 15.4707C5.21095 15.7304 4.78895 15.7304 4.52925 15.4707C4.26955 15.211 4.26955 14.789 4.52925 14.5293L13.3935 5.66504H6.66011C6.29284 5.66504 5.99507 5.36727 5.99507 5C5.99507 4.63273 6.29284 4.33496 6.66011 4.33496H14.9999L15.1337 4.34863C15.4369 4.41057 15.665 4.67857 15.665 5V13.3301C15.6649 13.6973 15.3672 13.9951 14.9999 13.9951C14.6327 13.9951 14.335 13.6973 14.3349 13.3301Z\"><\/path><\/svg><\/span><\/a><br data-start=\"503\" data-end=\"506\" \/>Website: <a data-start=\"515\" data-end=\"534\" rel=\"noopener\" target=\"_new\" class=\"decorated-link\" href=\"https:\/\/lionfarming.com\/de\/?utm_source=chatgpt.com\">www.lionfarming.com<span aria-hidden=\"true\" class=\"ms-0.5 inline-block align-middle leading-none\"><svg width=\"20\" height=\"20\" viewbox=\"0 0 20 20\" fill=\"currentColor\" xmlns=\"http:\/\/www.w3.org\/2000\/svg\" data-rtl-flip=\"\" class=\"block h-&#091;0.75em&#093; w-&#091;0.75em&#093; stroke-current stroke-&#091;0.75&#093;\"><path d=\"M14.3349 13.3301V6.60645L5.47065 15.4707C5.21095 15.7304 4.78895 15.7304 4.52925 15.4707C4.26955 15.211 4.26955 14.789 4.52925 14.5293L13.3935 5.66504H6.66011C6.29284 5.66504 5.99507 5.36727 5.99507 5C5.99507 4.63273 6.29284 4.33496 6.66011 4.33496H14.9999L15.1337 4.34863C15.4369 4.41057 15.665 4.67857 15.665 5V13.3301C15.6649 13.6973 15.3672 13.9951 14.9999 13.9951C14.6327 13.9951 14.335 13.6973 14.3349 13.3301Z\"><\/path><\/svg><\/span><\/a><\/p>\n<hr data-start=\"682\" data-end=\"685\" \/>\n<h2 data-start=\"687\" data-end=\"713\">Haftung f\u00fcr Inhalte<\/h2>\n<p data-start=\"714\" data-end=\"1109\">Als Diensteanbieter sind wir gem\u00e4\u00df \u00a7 7 Abs.1 TMG f\u00fcr eigene Inhalte auf diesen Seiten nach den allgemeinen Gesetzen verantwortlich. Nach \u00a7\u00a7 8 bis 10 TMG sind wir als Diensteanbieter jedoch nicht verpflichtet, \u00fcbermittelte oder gespeicherte fremde Informationen zu \u00fcberwachen oder nach Umst\u00e4nden zu forschen, die auf eine rechtswidrige T\u00e4tigkeit hinweisen. Verpflichtungen zur Entfernung oder Sperrung der Nutzung von Informationen nach den allgemeinen Gesetzen bleiben hiervon unber\u00fchrt.<\/p>\n<h2 data-start=\"1111\" data-end=\"1135\">Haftung f\u00fcr Links<\/h2>\n<p data-start=\"1136\" data-end=\"1405\">Unsere Website enth\u00e4lt Links zu externen Websites Dritter, auf deren Inhalte wir keinen Einfluss haben. Deshalb k\u00f6nnen wir f\u00fcr diese fremden Inhalte auch keine Gew\u00e4hr \u00fcbernehmen. F\u00fcr die Inhalte der verlinkten Seiten ist stets der jeweilige Anbieter oder Betreiber der Seiten verantwortlich.<\/p>\n<h2 data-start=\"1407\" data-end=\"1421\">Urheberrecht<\/h2>\n<p data-start=\"1422\" data-end=\"1743\">Die durch die Seitenbetreiber erstellten Inhalte und Werke auf diesen Seiten unterliegen dem deutschen Urheberrecht. Beitr\u00e4ge Dritter sind als solche gekennzeichnet. Die Vervielf\u00e4ltigung, Bearbeitung, Verbreitung und jede Art der Verwertung au\u00dferhalb der Grenzen des Urheberrechtes bed\u00fcrfen der schriftlichen Zustimmung des jeweiligen Autors bzw. Erstellers.<\/p><\/div>\n\t\t\t<\/div>\n\t\t\t<\/div>\n\t\t\t\t\n\t\t\t\t\n\t\t\t\t\n\t\t\t\t\n\t\t\t<\/div>\n\t\t\t\t\n\t\t\t\t\n\t\t\t<\/div>","protected":false},"excerpt":{"rendered":"","protected":false},"author":2,"featured_media":0,"parent":0,"menu_order":0,"comment_status":"closed","ping_status":"closed","template":"","meta":{"_et_pb_use_builder":"on","_et_pb_old_content":"","_et_gb_content_width":"","footnotes":""},"class_list":["post-2091","page","type-page","status-publish","hentry"],"jetpack_sharing_enabled":true,"_links":{"self":[{"href":"https:\/\/lionfarming.com\/de\/wp-json\/wp\/v2\/pages\/2091","targetHints":{"allow":["GET"]}}],"collection":[{"href":"https:\/\/lionfarming.com\/de\/wp-json\/wp\/v2\/pages"}],"about":[{"href":"https:\/\/lionfarming.com\/de\/wp-json\/wp\/v2\/types\/page"}],"author":[{"embeddable":true,"href":"https:\/\/lionfarming.com\/de\/wp-json\/wp\/v2\/users\/2"}],"replies":[{"embeddable":true,"href":"https:\/\/lionfarming.com\/de\/wp-json\/wp\/v2\/comments?post=2091"}],"version-history":[{"count":9,"href":"https:\/\/lionfarming.com\/de\/wp-json\/wp\/v2\/pages\/2091\/revisions"}],"predecessor-version":[{"id":2177,"href":"https:\/\/lionfarming.com\/de\/wp-json\/wp\/v2\/pages\/2091\/revisions\/2177"}],"wp:attachment":[{"href":"https:\/\/lionfarming.com\/de\/wp-json\/wp\/v2\/media?parent=2091"}],"curies":[{"name":"wp","href":"https:\/\/api.w.org\/{rel}","templated":true}]}}